{"id":14,"date":"2019-11-30T06:43:44","date_gmt":"2019-11-30T06:43:44","guid":{"rendered":"http:\/\/atelier-pizza.fr\/?page_id=14"},"modified":"2019-12-17T15:56:00","modified_gmt":"2019-12-17T15:56:00","slug":"slide-1","status":"publish","type":"page","link":"http:\/\/atelier-pizza.fr\/index.php\/slide-1\/","title":{"rendered":"L\u2019Atelier Pizza : une pizzeria au coeur historique d\u2019Epinal"},"content":{"rendered":"\n<p> Le chef de la pizzeria l\u2019Atelier Pizza, Vincent, vous invite \u00e0 venir d\u00e9guster ses <strong>pizzas<\/strong> pr\u00e9par\u00e9es sous vos yeux, dans une <strong>pizzeria<\/strong> fraichement r\u00e9nov\u00e9e situ\u00e9e dans le centre historique d\u2019<strong>Epinal<\/strong> : la place des <strong>Vosges<\/strong>. <\/p>\n","protected":false},"excerpt":{"rendered":"<p>Le chef de la pizzeria l\u2019Atelier Pizza, Vincent, vous invite \u00e0 venir d\u00e9guster ses pizzas pr\u00e9par\u00e9es sous vos yeux, dans une pizzeria fraichement r\u00e9nov\u00e9e situ\u00e9e dans le centre historique d\u2019Epinal : la place des Vosges.<\/p>\n","protected":false},"author":1,"featured_media":15,"parent":0,"menu_order":0,"comment_status":"closed","ping_status":"closed","template":"","meta":[],"_links":{"self":[{"href":"http:\/\/atelier-pizza.fr\/index.php\/wp-json\/wp\/v2\/pages\/14"}],"collection":[{"href":"http:\/\/atelier-pizza.fr\/index.php\/wp-json\/wp\/v2\/pages"}],"about":[{"href":"http:\/\/atelier-pizza.fr\/index.php\/wp-json\/wp\/v2\/types\/page"}],"author":[{"embeddable":true,"href":"http:\/\/atelier-pizza.fr\/index.php\/wp-json\/wp\/v2\/users\/1"}],"replies":[{"embeddable":true,"href":"http:\/\/atelier-pizza.fr\/index.php\/wp-json\/wp\/v2\/comments?post=14"}],"version-history":[{"count":3,"href":"http:\/\/atelier-pizza.fr\/index.php\/wp-json\/wp\/v2\/pages\/14\/revisions"}],"predecessor-version":[{"id":20,"href":"http:\/\/atelier-pizza.fr\/index.php\/wp-json\/wp\/v2\/pages\/14\/revisions\/20"}],"wp:featuredmedia":[{"embeddable":true,"href":"http:\/\/atelier-pizza.fr\/index.php\/wp-json\/wp\/v2\/media\/15"}],"wp:attachment":[{"href":"http:\/\/atelier-pizza.fr\/index.php\/wp-json\/wp\/v2\/media?parent=14"}],"curies":[{"name":"wp","href":"https:\/\/api.w.org\/{rel}","templated":true}]}}