{"id":30,"date":"2019-11-30T07:22:10","date_gmt":"2019-11-30T07:22:10","guid":{"rendered":"http:\/\/atelier-pizza.fr\/?page_id=30"},"modified":"2019-11-30T09:07:05","modified_gmt":"2019-11-30T09:07:05","slug":"menu","status":"publish","type":"page","link":"http:\/\/atelier-pizza.fr\/index.php\/menu\/","title":{"rendered":"Menu"},"content":{"rendered":"\t\t<div data-elementor-type=\"wp-page\" data-elementor-id=\"30\" class=\"elementor elementor-30\" data-elementor-settings=\"[]\">\n\t\t\t\t\t\t<div class=\"elementor-inner\">\n\t\t\t\t\t\t\t<div class=\"elementor-section-wrap\">\n\t\t\t\t\t\t\t<section class=\"elementor-section elementor-top-section elementor-element elementor-element-b64b7aa elementor-section-boxed elementor-section-height-default elementor-section-height-default\" data-id=\"b64b7aa\" data-element_type=\"section\">\n\t\t\t\t\t\t<div class=\"elementor-container elementor-column-gap-default\">\n\t\t\t\t\t\t\t<div class=\"elementor-row\">\n\t\t\t\t\t<div class=\"elementor-column elementor-col-100 elementor-top-column elementor-element elementor-element-99ebada\" data-id=\"99ebada\" data-element_type=\"column\">\n\t\t\t<div class=\"elementor-column-wrap elementor-element-populated\">\n\t\t\t\t\t\t\t<div class=\"elementor-widget-wrap\">\n\t\t\t\t\t\t<div class=\"elementor-element elementor-element-3514872 elementor-widget elementor-widget-heading\" data-id=\"3514872\" data-element_type=\"widget\" data-widget_type=\"heading.default\">\n\t\t\t\t<div class=\"elementor-widget-container\">\n\t\t\t<h2 class=\"elementor-heading-title elementor-size-default\">NOS PIZZAS<\/h2>\t\t<\/div>\n\t\t\t\t<\/div>\n\t\t\t\t<div class=\"elementor-element elementor-element-2a337aa elementor-widget-divider--view-line elementor-widget elementor-widget-divider\" data-id=\"2a337aa\" data-element_type=\"widget\" data-widget_type=\"divider.default\">\n\t\t\t\t<div class=\"elementor-widget-container\">\n\t\t\t\t\t<div class=\"elementor-divider\">\n\t\t\t<span class=\"elementor-divider-separator\">\n\t\t\t\t\t\t<\/span>\n\t\t<\/div>\n\t\t\t\t<\/div>\n\t\t\t\t<\/div>\n\t\t\t\t\t\t<\/div>\n\t\t\t\t\t<\/div>\n\t\t<\/div>\n\t\t\t\t\t\t\t\t<\/div>\n\t\t\t\t\t<\/div>\n\t\t<\/section>\n\t\t\t\t<section class=\"elementor-section elementor-top-section elementor-element elementor-element-14ba7e9 elementor-section-full_width elementor-section-height-default elementor-section-height-default\" data-id=\"14ba7e9\" data-element_type=\"section\">\n\t\t\t\t\t\t<div class=\"elementor-container elementor-column-gap-default\">\n\t\t\t\t\t\t\t<div class=\"elementor-row\">\n\t\t\t\t\t<div class=\"elementor-column elementor-col-50 elementor-top-column elementor-element elementor-element-3913e4d\" data-id=\"3913e4d\" data-element_type=\"column\">\n\t\t\t<div class=\"elementor-column-wrap elementor-element-populated\">\n\t\t\t\t\t\t\t<div class=\"elementor-widget-wrap\">\n\t\t\t\t\t\t<div class=\"elementor-element elementor-element-542fb34 elementor-widget elementor-widget-text-editor\" data-id=\"542fb34\" data-element_type=\"widget\" data-widget_type=\"text-editor.default\">\n\t\t\t\t<div class=\"elementor-widget-container\">\n\t\t\t\t\t<div class=\"elementor-text-editor elementor-clearfix\"><p><span style=\"color: #7ac524;\">MARGHERITA<\/span> <strong>7\u20ac00<\/strong><br \/>Tomate, fromage, origan<\/p><p><span style=\"color: #7ac524;\">ROMA<\/span> <strong>8\u20ac40<\/strong><br \/>Tomate, fromage, jambon, origan<\/p><p><span style=\"color: #7ac524;\">MARINARA<\/span> <strong>8\u20ac50<\/strong><br \/>Tomate, fromage, ail, huile d&rsquo;olive, origan<\/p><p><span style=\"color: #7ac524;\">REINE<\/span> <strong>8\u20ac90<\/strong><br \/>Tomate, fromage, jambon, champignons frais, origan<\/p><p><span style=\"color: #7ac524;\">SILVANA<\/span> <strong>9\u20ac40<\/strong><br \/>Tomate, fromage, jambon, champignons frais, cr\u00e8me, origan<\/p><p><span style=\"color: #7ac524;\">CECILIA<\/span> <strong>9\u20ac40<\/strong><br \/>Tomate, fromage, lardons, champignons frais, cr\u00e8me, origan<\/p><p><span style=\"color: #7ac524;\">LUCA<\/span> <strong>9\u20ac50<\/strong><br \/>Tomate, fromage, jambon, oignons, champignons frais, cr\u00e8me, origan<\/p><p><span style=\"color: #7ac524;\">PESTO<\/span> <strong>10\u20ac70<\/strong><br \/>Fond cr\u00e8me, fromage, pesto, champignons frais, jambon cru, cr\u00e8me, origan<\/p><p><span style=\"color: #7ac524;\">ESCARGOT<\/span> <strong>12\u20ac20<\/strong><br \/>Tomata, fromage, champignons frais, escargots, ail, cr\u00e8me, origan<\/p><p><span style=\"color: #7ac524;\">BOLO<\/span> <strong>10\u20ac20<\/strong><br \/>Tomate, fromage, viande hach\u00e9e, oeuf, cr\u00e8me, roquette, origan<\/p><p><span style=\"color: #7ac524;\">NANAS<\/span> <strong>9\u20ac20<\/strong><br \/>Tomate, fromage, chorizo, jambon, ananas, cr\u00e8me, origan<\/p><p><span style=\"color: #7ac524;\">NANAS \/ POULET<\/span> <strong>9\u20ac50<\/strong><br \/>Tomate, fromage, curry, poulet, ananas, cr\u00e8me, origan<\/p><p><span style=\"color: #7ac524;\">BERGAMO<\/span> <strong>9\u20ac50<\/strong><br \/>Tomate, fromage, jambon, champignons frais, oeuf, origan<\/p><p><span style=\"color: #7ac524;\">PARMA<\/span> <strong>10\u20ac90<\/strong><br \/>Tomate, fromage, gorgonzola, jambon cru, cr\u00e8me, origan<\/p><p><span style=\"color: #7ac524;\">CLARA (V\u00e9g\u00e9tarienne)<\/span> <strong>9\u20ac40<\/strong><br \/>Tomate, fromage, artichauts, poivrons, champignons frais, oignons, cr\u00e8me, origan<\/p><p><span style=\"color: #7ac524;\">LA GEROME<\/span> <strong>10\u20ac20<\/strong><br \/>Tomate, fromage, pomme de terre, \u00e9chine fum\u00e9e, munster, cr\u00e8me, origan<\/p><\/div>\n\t\t\t\t<\/div>\n\t\t\t\t<\/div>\n\t\t\t\t\t\t<\/div>\n\t\t\t\t\t<\/div>\n\t\t<\/div>\n\t\t\t\t<div class=\"elementor-column elementor-col-50 elementor-top-column elementor-element elementor-element-e5720bb\" data-id=\"e5720bb\" data-element_type=\"column\">\n\t\t\t<div class=\"elementor-column-wrap elementor-element-populated\">\n\t\t\t\t\t\t\t<div class=\"elementor-widget-wrap\">\n\t\t\t\t\t\t<div class=\"elementor-element elementor-element-f6ca055 elementor-widget elementor-widget-text-editor\" data-id=\"f6ca055\" data-element_type=\"widget\" data-widget_type=\"text-editor.default\">\n\t\t\t\t<div class=\"elementor-widget-container\">\n\t\t\t\t\t<div class=\"elementor-text-editor elementor-clearfix\"><p><span style=\"color: #7ac524;\">LA SAVOYARDE<\/span> <strong>10\u20ac20<\/strong><br \/>Tomate, fromage, pomme de terre, lardons, reblochon, cr\u00e8me, origan<\/p><p><span style=\"color: #7ac524;\">TROIS FROMAGES<\/span> <strong>9\u20ac40<\/strong><br \/>Tomate, gorgonzola, mozzarella, ch\u00e8vre, origan<\/p><p><span style=\"color: #7ac524;\">LA VIEILLE BIQUE<\/span> <strong>9\u20ac90<\/strong><br \/>Tomate, fromage, ch\u00e8vre, jambon, ail, cr\u00e8me, origan<\/p><p><span style=\"color: #7ac524;\">LA NAPOLI<\/span><strong> 9\u20ac40<\/strong><br \/>Tomate, fromage, anchois, olives, origan<\/p><p><span style=\"color: #7ac524;\">LA SICILIENNE<\/span> <strong>9\u20ac90<\/strong><br \/>Tomate, anchois, c\u00e2pres, olives, poivrons, origan<\/p><p><span style=\"color: #7ac524;\">LA FLAMME<\/span> <strong>8\u20ac40<\/strong><br \/>Fromage blanc, oignons, lardons<\/p><p><span style=\"color: #7ac524;\">LA GRATINEE<\/span> <strong>8\u20ac90<\/strong><br \/>Fromage blanc, oignons, lardons, fromage<\/p><p><span style=\"color: #7ac524;\">DIA VOLA<\/span> <strong>9\u20ac40<\/strong><br \/>Tomate, fromage, chorizo, cr\u00e8me, origan<\/p><p><span style=\"color: #7ac524;\">MEXICO<\/span> <strong>10\u20ac90<\/strong><br \/>Tomate, fromage, viande hach\u00e9e, haricotes rouges, poivrons, ail, cr\u00e8me, origan<\/p><p><span style=\"color: #7ac524;\">LA POULETTE<\/span> <strong>10\u20ac40<\/strong><br \/>Tomate, fromage, poulet, pomme de terre, oignon, cr\u00e8me, origan<\/p><p><span style=\"color: #7ac524;\">L&rsquo;ORIENTALE<\/span> <strong>10\u20ac40<\/strong><br \/>Tomate, fromage, viande \u00e0 Kebab, poivrons, ail, cr\u00e8me, origan<\/p><p><span style=\"color: #7ac524;\">CALZONE (Chausson)<\/span> <strong>9\u20ac90<\/strong><br \/>Tomate, fromage, jambon, champignons frais, oeuf, origan<\/p><p><span style=\"color: #7ac524;\">CLAZONE VEGETARIENNE<\/span> <strong>9\u20ac90<\/strong><br \/>Tomate, fromage, artichauts, poivrons, champignons frais, oignons, cr\u00e8me, origan<\/p><p><span style=\"color: #7ac524;\">CALZONE DEL MARE<\/span> <strong>11\u20ac90<\/strong><br \/>Tomate, fromage, crevettes, moules, noix de p\u00e9toncle, ail, cr\u00e8me, origan<\/p><p><span style=\"color: #7ac524;\">ARTICA<\/span> <strong>11\u20ac90<\/strong><br \/>Tomate, fromage, crevettes, saumon fum\u00e9, ail, oignon, cr\u00e8me, origan<\/p><p><span style=\"color: #7ac524;\">L&rsquo;OCEANNE<\/span> <strong>10\u20ac90<\/strong><br \/>Tomate, fromage, crevettes, moules, ail, cr\u00e8me, origan<\/p><\/div>\n\t\t\t\t<\/div>\n\t\t\t\t<\/div>\n\t\t\t\t\t\t<\/div>\n\t\t\t\t\t<\/div>\n\t\t<\/div>\n\t\t\t\t\t\t\t\t<\/div>\n\t\t\t\t\t<\/div>\n\t\t<\/section>\n\t\t\t\t\t\t<\/div>\n\t\t\t\t\t\t<\/div>\n\t\t\t\t\t<\/div>\n\t\t","protected":false},"excerpt":{"rendered":"<p>NOS PIZZAS MARGHERITA 7\u20ac00 Tomate, fromage, origan ROMA 8\u20ac40 Tomate, fromage, jambon, origan MARINARA 8\u20ac50 Tomate, fromage, ail, huile d&rsquo;olive, origan REINE 8\u20ac90 Tomate, fromage, jambon, champignons frais, origan SILVANA 9\u20ac40 Tomate, fromage, jambon, champignons frais, cr\u00e8me, origan CECILIA 9\u20ac40 Tomate, fromage, lardons, champignons frais, cr\u00e8me, origan LUCA 9\u20ac50 Tomate, fromage, jambon, oignons, champignons frais, [&hellip;]<\/p>\n","protected":false},"author":1,"featured_media":0,"parent":0,"menu_order":0,"comment_status":"closed","ping_status":"closed","template":"elementor_header_footer","meta":[],"_links":{"self":[{"href":"http:\/\/atelier-pizza.fr\/index.php\/wp-json\/wp\/v2\/pages\/30"}],"collection":[{"href":"http:\/\/atelier-pizza.fr\/index.php\/wp-json\/wp\/v2\/pages"}],"about":[{"href":"http:\/\/atelier-pizza.fr\/index.php\/wp-json\/wp\/v2\/types\/page"}],"author":[{"embeddable":true,"href":"http:\/\/atelier-pizza.fr\/index.php\/wp-json\/wp\/v2\/users\/1"}],"replies":[{"embeddable":true,"href":"http:\/\/atelier-pizza.fr\/index.php\/wp-json\/wp\/v2\/comments?post=30"}],"version-history":[{"count":4,"href":"http:\/\/atelier-pizza.fr\/index.php\/wp-json\/wp\/v2\/pages\/30\/revisions"}],"predecessor-version":[{"id":45,"href":"http:\/\/atelier-pizza.fr\/index.php\/wp-json\/wp\/v2\/pages\/30\/revisions\/45"}],"wp:attachment":[{"href":"http:\/\/atelier-pizza.fr\/index.php\/wp-json\/wp\/v2\/media?parent=30"}],"curies":[{"name":"wp","href":"https:\/\/api.w.org\/{rel}","templated":true}]}}